{"id":3,"date":"2022-02-20T23:20:35","date_gmt":"2022-02-20T23:20:35","guid":{"rendered":"http:\/\/localhost\/stratis.br\/?page_id=3"},"modified":"2025-05-22T18:58:43","modified_gmt":"2025-05-22T18:58:43","slug":"politica-de-privacidade","status":"publish","type":"page","link":"https:\/\/br.mystratis.com\/riskmanagement\/politica-de-privacidade\/","title":{"rendered":"Pol\u00edtica de Privacidade"},"content":{"rendered":"\n<p><strong>STRATIS RISK MANAGEMENT SOLUTIONS BRASIL LTDA.<\/strong> com endere\u00e7o na Rua dos Pinheiros, 498 cj. 42 &#8211; S\u00e3o Paulo, SP, CEP 05422-902, \u00e9 respons\u00e1vel pelo tratamento e prote\u00e7\u00e3o dos seus dados pessoais capturados em nosso <em>website<\/em> <strong>www.mystratis.com.br<\/strong> , pelo que comunicamos as seguintes informa\u00e7\u00f5es:<\/p>\n\n\n\n<p>Nesta <strong>Pol\u00edtica de Privacidade<\/strong>, vamos esclarecer aos nossos usu\u00e1rios e visitantes, todos nossos meios e formas para proteger e tratar os dados coletados em nosso <em>website<\/em>, bem como aqui voc\u00ea pode encontrar as informa\u00e7\u00f5es necess\u00e1rias sobre nossos termos e condi\u00e7\u00f5es.<\/p>\n\n\n\n<p>Neste documento, vamos te explicar detalhadamente como e porque \u00e9 feita esta coleta de dados, e de que forma voc\u00ea pedir para retirar, alterar ou excluir seus dados de nossos servidores.<\/p>\n\n\n\n<p>Ao usar este<em> website<\/em>, voc\u00ea confirma que \u00e9 maior de idade em seu local de resid\u00eancia.<\/p>\n\n\n\n<p>Utilizamos <em>cookies<\/em> para oferecer uma \u00f3tima experi\u00eancia de navega\u00e7\u00e3o em nosso <em>website<\/em> e conhecer melhor o comportamento e necessidades dos visitantes e usu\u00e1rios que interagem nele.<\/p>\n\n\n\n<p>Ao clicar em \u201cAceitar Cookies \u201d, voc\u00ea concorda com as condi\u00e7\u00f5es da nossa Pol\u00edtica de Privacidade e com o tratamento de seus dados pessoais para as finalidades espec\u00edficas adiante relacionadas, em conformidade com a Lei Geral de Prote\u00e7\u00e3o de Dados Pessoais (LGPD).<\/p>\n\n\n\n<p><strong>O que s\u00e3o <em>Cookies<\/em>?<\/strong><\/p>\n\n\n\n<p>Os <em>cookies<\/em> s\u00e3o pequenos arquivos de recopila\u00e7\u00e3o de dados criados pelos servidores que gerenciam os <em>websites<\/em> e s\u00e3o armazenados nos navegadores at\u00e9 que sejam exclu\u00eddos ou fiquem inativos. Esses arquivos cont\u00eam informa\u00e7\u00f5es pessoais dos usu\u00e1rios com a finalidade de utiliza-os para criar uma experiencia mais personalizada para o visitante ou para otimizar o servi\u00e7o da navega\u00e7\u00e3o no pr\u00f3prio <em>website.<\/em><\/p>\n\n\n\n<p><strong>Pol\u00edtica de <em>Cookies<\/em><\/strong><\/p>\n\n\n\n<p>A Stratis usa <em>cookies<\/em> para fins de an\u00e1lise do <em>Google Analytics<\/em> que nos permitem entender como nossos usu\u00e1rios e clientes interagem como nosso <em>website<\/em> e servi\u00e7os sem identificar pessoalmente cada visitante.<br><br>\u00c9 importante salientar que tentamos minimizar o uso de <em>cookies<\/em> n\u00e3o essenciais, por isso utilizamos os necess\u00e1rios para entregar um melhor servi\u00e7o, conforme a previs\u00e3o de leg\u00edtimo interesse na LGPD.<br><br>Para saber mais sobre como o <em>Google<\/em> gerencia as informa\u00e7\u00f5es coletadas com seus <em>cookies<\/em>, entre no seguinte link: <a target=\"_blank\" rel=\"noreferrer noopener\" href=\"https:\/\/policies.google.com\/technologies\/cookies?hl=pt-BR#how-google-uses-cookies\" target=\"_blank\"><mark style=\"background-color:rgba(0, 0, 0, 0)\" class=\"has-inline-color has-black-color\">https:\/\/policies.google.com\/technologies\/cookies?hl=pt-BR#how-google-uses-cookies<\/mark><\/a><\/p>\n\n\n\n<p class=\"has-black-color has-text-color\">Recomendamos que voc\u00ea leia as Pol\u00edticas de Privacidade do <em>Google<\/em> para que voc\u00ea possa entender de que maneira suas informa\u00e7\u00f5es pessoais ser\u00e3o usadas por <em>websites<\/em> de terceiros, com rela\u00e7\u00e3o aos quais a Stratis n\u00e3o tem inger\u00eancia. Lembre-se de que certos <em>websites<\/em> podem estar, inclusive, sujeitos a jurisdi\u00e7\u00f5es diferentes da sua ou da nossa. Por isto, nestes casos, suas informa\u00e7\u00f5es podem ficar sujeitas \u00e0 legisla\u00e7\u00e3o de outras jurisdi\u00e7\u00f5es e poder\u00e1 haver compartilhamento e tratamento de seus dados pessoais em outras jurisdi\u00e7\u00f5es.<\/p>\n\n\n\n<p><strong>Que dados pessoais s\u00e3o recolhidos e quando isso acontece?<\/strong><\/p>\n\n\n\n<p>A Stratis coleta informa\u00e7\u00f5es fornecidas diretamente por voc\u00ea atrav\u00e9s do formul\u00e1rio na se\u00e7\u00e3o \u201cContato\u201d, \u201cSolicitar mais informa\u00e7\u00f5es\u201d ou na op\u00e7\u00e3o de descarregar Materiais.&nbsp;&nbsp;<\/p>\n\n\n\n<p>Os dados pessoais recolhidos s\u00e3o os seguintes:&nbsp;<\/p>\n\n\n\n<p>\u2022 Nome(s);<br>\u2022 Nome da Empresa;<br>\u2022 E-mail Corporativo;<br>\u2022 N\u00famero de telefone \/ celular; e,<br>\u2022 N\u00famero de transa\u00e7\u00f5es por m\u00eas.<\/p>\n\n\n\n<p><strong>Para que finalidade utilizamos os seus dados pessoais?&nbsp;<\/strong><br><br>Os&nbsp; dados pessoais que coletamos s\u00e3o utilizados para as seguintes finalidades:<br><br>\u2022 Conhecer, atrav\u00e9s da mensagem que voc\u00ea enviou, o problema que a sua empresa tem, fornecendo-lhe mais informa\u00e7\u00f5es para entrar em contato e apresentar-lhe uma poss\u00edvel solu\u00e7\u00e3o ao utilizar nossos servi\u00e7os.<br>\u2022 Realizar an\u00e1lises estat\u00edsticas usando o <em>Google Analytics<\/em>.<br>\u2022 Por exig\u00eancia de lei, norma de qualquer autoridade p\u00fablica competente ou por ordem, decreto, regulamento ou regra governamental que obrigue a Stratis.<br><br>A Stratis poder\u00e1 compartilhar os dados pessoais com outras empresas do grupo, sempre observando os princ\u00edpios e as garantias estabelecidas pela LGPD.<\/p>\n\n\n\n<p><strong>Como voc\u00ea pode acessar, retificar ou cancelar os seus dados pessoais, ou opor-se \u00e0 sua utiliza\u00e7\u00e3o?&nbsp;<br><\/strong><br>Voc\u00ea tem o direito de saber que dados pessoais temos sobre voc\u00ea, para que s\u00e3o utilizados e as condi\u00e7\u00f5es de uso que lhes damos (acesso); voc\u00ea pode solicitar a corre\u00e7\u00e3o de suas informa\u00e7\u00f5es pessoais caso estejam desatualizadas, imprecisas ou incompletas (retifica\u00e7\u00e3o); voc\u00ea pode solicitar que sejam removidas de nossos registros ou bancos de dados, caso considere que n\u00e3o est\u00e1 sendo usadas adequadamente (cancelamento); bem como opor-se \u00e0 utiliza\u00e7\u00e3o dos seus dados pessoais para fins espec\u00edficos (oposi\u00e7\u00e3o). Esses direitos s\u00e3o conhecidos como direitos ARCO.&nbsp;<br><br>Para fazer uso desses direitos, voc\u00ea pode entrar em contato com a Stratis atrav\u00e9s do seguinte contato: <mark style=\"background-color:rgba(0, 0, 0, 0)\" class=\"has-inline-color has-black-color\">risk.management@mystratis.com<\/mark><\/p>\n\n\n\n<p><strong>Por quanto tempo ser\u00e3o armazenados meus dados pessoais?&nbsp;<br><\/strong><br>A Stratis poder\u00e1 manter e tratar os dados pessoais durante todo o per\u00edodo em que os mesmos forem pertinentes ao alcance das finalidades listadas nesta Pol\u00edtica de Privacidade. Dados pessoais anonimizados, sem possibilidade de associa\u00e7\u00e3o ao indiv\u00edduo, poder\u00e3o ser mantidos por per\u00edodo indefinido<\/p>\n\n\n\n<p><strong>Voc\u00ea pode revogar seu consentimento para o uso de dados pessoais<\/strong><\/p>\n\n\n\n<p>Neste caso, voc\u00ea pode revogar o consentimento que nos deu para o tratamento dos seus dados pessoais. No entanto, \u00e9 importante que tenha em conta que nem em todos os casos poderemos atender sua solicita\u00e7\u00e3o ou cessar a utiliza\u00e7\u00e3o de imediato, pois \u00e9 poss\u00edvel que, devido a alguma obriga\u00e7\u00e3o legal, n\u00f3s precisemos continuar a tratar os seus dados pessoais.&nbsp;<br><br>Da mesma forma, deve-se considerar que, para determinados fins, a revoga\u00e7\u00e3o do seu consentimento pode implicar a conclus\u00e3o da sua rela\u00e7\u00e3o com a Stratis ou que n\u00e3o podamos continuar a fornecer-lhe as solu\u00e7\u00f5es\/servi\u00e7os para os quais nos contactou.&nbsp;<br><br>Para revogar seu consentimento ou para conhecer o procedimento a ser realizado, colocamos \u00e0 sua disposi\u00e7\u00e3o o seguinte e-mail: <mark style=\"background-color:rgba(0, 0, 0, 0)\" class=\"has-inline-color has-black-color\">risk.management@mystratis.com&nbsp;<\/mark><\/p>\n\n\n\n<p><strong>Como voc\u00ea pode limitar o uso ou divulga\u00e7\u00e3o das suas informa\u00e7\u00f5es pessoais?&nbsp;<\/strong><\/p>\n\n\n\n<p>Para limitar o uso e divulga\u00e7\u00e3o das suas informa\u00e7\u00f5es pessoais, voc\u00ea pode entrar em contato conosco atrav\u00e9s do seguinte e-mail: <mark style=\"background-color:rgba(0, 0, 0, 0)\" class=\"has-inline-color has-black-color\">risk.management@mystratis.com<\/mark>&nbsp;<\/p>\n\n\n\n<p><strong>Se houver altera\u00e7\u00f5es nesta Pol\u00edtica de Privacidade, voc\u00ea pode saber as atualiza\u00e7\u00f5es<\/strong><\/p>\n\n\n\n<p>Esta Pol\u00edtica de Privacidade pode sofrer modifica\u00e7\u00f5es, altera\u00e7\u00f5es ou atualiza\u00e7\u00f5es decorrentes de novas exig\u00eancias legais, de nossas pr\u00f3prias necessidades para os produtos ou servi\u00e7os que oferecemos, de nossas pol\u00edticas de privacidade; mudan\u00e7as em nosso modelo de neg\u00f3cios ou outras causas.<br><br>\u00c9 por isso que prometemos mant\u00ea-lo informado sobre quaisquer altera\u00e7\u00f5es que possam ocorrer nesta Pol\u00edtica, atrav\u00e9s de nosso <em>website.<\/em><\/p>\n\n\n\n<p><strong>Sobre seus Direitos em rela\u00e7\u00e3o aos Dados coletados<\/strong>&nbsp;<\/p>\n\n\n\n<p>De acordo com a LGPD, toda pessoa tem o direito \u00e0 informa\u00e7\u00e3o, \u00e0 liberdade, \u00e0 autonomia e \u00e0 transpar\u00eancia na tomada de decis\u00f5es.<br><br>Com rela\u00e7\u00e3o aos dados pessoais, voc\u00ea tem o direito ao acesso, \u00e0 elimina\u00e7\u00e3o, \u00e0 corre\u00e7\u00e3o, \u00e0 portabilidade, \u00e0 limita\u00e7\u00e3o do tratamento e \u00e0 oposi\u00e7\u00e3o.<br><br>Voc\u00ea tamb\u00e9m tem o direito de negar a qualquer momento que seus dados pessoais sejam utilizados para fins de <em>marketing<\/em> e ao recebimento de comunica\u00e7\u00f5es comerciais. <br>Para exercer os seus direitos, basta entrar em contato com a nossa equipe atrav\u00e9s do e-mail: risk.management@mystratis.com<br><br>Esclarecemos que os dados pessoais s\u00e3o tratados de forma confidencial e que tomamos todas e quaisquer medidas de seguran\u00e7a necess\u00e1rias para garantir a prote\u00e7\u00e3o dos dados.<br><br>A Stratis adota medidas de seguran\u00e7a quanto \u00e0 destrui\u00e7\u00e3o acidental ou ilegal, divulga\u00e7\u00e3o e o controle acesso indevido a informa\u00e7\u00f5es n\u00e3o autorizadas. Nossos procedimentos s\u00e3o revisados periodicamente.<br><br>Em conformidade com a LGPD, a Stratis comunicar\u00e1 a voc\u00ea e \u00e0 Autoridade Nacional de Prote\u00e7\u00e3o de Dados (ANPD) a ocorr\u00eancia de incidente de seguran\u00e7a que possa acarretar risco ou dano relevante ao titular.<\/p>\n\n\n\n<p><strong>Tratamento de Dados Pessoais<\/strong><\/p>\n\n\n\n<p>Para quaisquer assuntos relacionados ao tratamento de dados pessoais, a Stratis poder\u00e1 ser contatada atrav\u00e9s dos canais abaixo:<\/p>\n\n\n\n<p>E-mail:<strong> risk.management@mystratis.com<br><\/strong>Endere\u00e7o:<strong> Rua dos Pinheiros, 498 cj. 42 \u2013 S\u00e3o Paulo, SP<\/strong><\/p>\n\n\n\n<p><\/p>\n","protected":false},"excerpt":{"rendered":"<p>STRATIS RISK MANAGEMENT SOLUTIONS BRASIL LTDA. com endere\u00e7o na Rua dos Pinheiros, 498 cj. 42 &#8211; S\u00e3o Paulo, SP, CEP 05422-902, \u00e9 respons\u00e1vel pelo tratamento e prote\u00e7\u00e3o dos seus dados pessoais capturados em nosso website www.mystratis.com.br , pelo que comunicamos as seguintes informa\u00e7\u00f5es: Nesta Pol\u00edtica de Privacidade, vamos esclarecer aos nossos usu\u00e1rios e visitantes, todos [&hellip;]<\/p>\n","protected":false},"author":1,"featured_media":0,"parent":0,"menu_order":0,"comment_status":"closed","ping_status":"closed","template":"privacy.php","meta":{"_acf_changed":false,"inline_featured_image":false,"footnotes":""},"class_list":["post-3","page","type-page","status-publish","hentry"],"acf":[],"yoast_head":"<!-- This site is optimized with the Yoast SEO plugin v27.0 - https:\/\/yoast.com\/product\/yoast-seo-wordpress\/ -->\n<title>Pol\u00edtica de Privacidade - Stratis | Brasil<\/title>\n<meta name=\"robots\" content=\"index, follow, max-snippet:-1, max-image-preview:large, max-video-preview:-1\" \/>\n<link rel=\"canonical\" href=\"https:\/\/br.mystratis.com\/riskmanagement\/politica-de-privacidade\/\" \/>\n<meta property=\"og:locale\" content=\"pt_BR\" \/>\n<meta property=\"og:type\" content=\"article\" \/>\n<meta property=\"og:title\" content=\"Pol\u00edtica de Privacidade - Stratis | Brasil\" \/>\n<meta property=\"og:description\" content=\"STRATIS RISK MANAGEMENT SOLUTIONS BRASIL LTDA. com endere\u00e7o na Rua dos Pinheiros, 498 cj. 42 &#8211; S\u00e3o Paulo, SP, CEP 05422-902, \u00e9 respons\u00e1vel pelo tratamento e prote\u00e7\u00e3o dos seus dados pessoais capturados em nosso website www.mystratis.com.br , pelo que comunicamos as seguintes informa\u00e7\u00f5es: Nesta Pol\u00edtica de Privacidade, vamos esclarecer aos nossos usu\u00e1rios e visitantes, todos [&hellip;]\" \/>\n<meta property=\"og:url\" content=\"https:\/\/br.mystratis.com\/riskmanagement\/politica-de-privacidade\/\" \/>\n<meta property=\"og:site_name\" content=\"Stratis | Brasil\" \/>\n<meta property=\"article:modified_time\" content=\"2025-05-22T18:58:43+00:00\" \/>\n<meta name=\"twitter:card\" content=\"summary_large_image\" \/>\n<meta name=\"twitter:label1\" content=\"Est. tempo de leitura\" \/>\n\t<meta name=\"twitter:data1\" content=\"7 minutos\" \/>\n<script type=\"application\/ld+json\" class=\"yoast-schema-graph\">{\"@context\":\"https:\/\/schema.org\",\"@graph\":[{\"@type\":\"WebPage\",\"@id\":\"https:\/\/br.mystratis.com\/riskmanagement\/politica-de-privacidade\/\",\"url\":\"https:\/\/br.mystratis.com\/riskmanagement\/politica-de-privacidade\/\",\"name\":\"Pol\u00edtica de Privacidade - Stratis | Brasil\",\"isPartOf\":{\"@id\":\"https:\/\/br.mystratis.com\/riskmanagement\/#website\"},\"datePublished\":\"2022-02-20T23:20:35+00:00\",\"dateModified\":\"2025-05-22T18:58:43+00:00\",\"breadcrumb\":{\"@id\":\"https:\/\/br.mystratis.com\/riskmanagement\/politica-de-privacidade\/#breadcrumb\"},\"inLanguage\":\"pt-BR\",\"potentialAction\":[{\"@type\":\"ReadAction\",\"target\":[\"https:\/\/br.mystratis.com\/riskmanagement\/politica-de-privacidade\/\"]}]},{\"@type\":\"BreadcrumbList\",\"@id\":\"https:\/\/br.mystratis.com\/riskmanagement\/politica-de-privacidade\/#breadcrumb\",\"itemListElement\":[{\"@type\":\"ListItem\",\"position\":1,\"name\":\"Home\",\"item\":\"https:\/\/br.mystratis.com\/riskmanagement\/\"},{\"@type\":\"ListItem\",\"position\":2,\"name\":\"Pol\u00edtica de Privacidade\"}]},{\"@type\":\"WebSite\",\"@id\":\"https:\/\/br.mystratis.com\/riskmanagement\/#website\",\"url\":\"https:\/\/br.mystratis.com\/riskmanagement\/\",\"name\":\"Stratis | Brasil\",\"description\":\"consultor de tecnologia\",\"publisher\":{\"@id\":\"https:\/\/br.mystratis.com\/riskmanagement\/#organization\"},\"potentialAction\":[{\"@type\":\"SearchAction\",\"target\":{\"@type\":\"EntryPoint\",\"urlTemplate\":\"https:\/\/br.mystratis.com\/riskmanagement\/?s={search_term_string}\"},\"query-input\":{\"@type\":\"PropertyValueSpecification\",\"valueRequired\":true,\"valueName\":\"search_term_string\"}}],\"inLanguage\":\"pt-BR\"},{\"@type\":\"Organization\",\"@id\":\"https:\/\/br.mystratis.com\/riskmanagement\/#organization\",\"name\":\"Stratis | Brasil\",\"url\":\"https:\/\/br.mystratis.com\/riskmanagement\/\",\"logo\":{\"@type\":\"ImageObject\",\"inLanguage\":\"pt-BR\",\"@id\":\"https:\/\/br.mystratis.com\/riskmanagement\/#\/schema\/logo\/image\/\",\"url\":\"https:\/\/br.mystratis.com\/riskmanagement\/wp-content\/uploads\/2023\/10\/cropped-Stratis_risk_managment_logo.png\",\"contentUrl\":\"https:\/\/br.mystratis.com\/riskmanagement\/wp-content\/uploads\/2023\/10\/cropped-Stratis_risk_managment_logo.png\",\"width\":237,\"height\":107,\"caption\":\"Stratis | Brasil\"},\"image\":{\"@id\":\"https:\/\/br.mystratis.com\/riskmanagement\/#\/schema\/logo\/image\/\"}}]}<\/script>\n<!-- \/ Yoast SEO plugin. -->","yoast_head_json":{"title":"Pol\u00edtica de Privacidade - Stratis | Brasil","robots":{"index":"index","follow":"follow","max-snippet":"max-snippet:-1","max-image-preview":"max-image-preview:large","max-video-preview":"max-video-preview:-1"},"canonical":"https:\/\/br.mystratis.com\/riskmanagement\/politica-de-privacidade\/","og_locale":"pt_BR","og_type":"article","og_title":"Pol\u00edtica de Privacidade - Stratis | Brasil","og_description":"STRATIS RISK MANAGEMENT SOLUTIONS BRASIL LTDA. com endere\u00e7o na Rua dos Pinheiros, 498 cj. 42 &#8211; S\u00e3o Paulo, SP, CEP 05422-902, \u00e9 respons\u00e1vel pelo tratamento e prote\u00e7\u00e3o dos seus dados pessoais capturados em nosso website www.mystratis.com.br , pelo que comunicamos as seguintes informa\u00e7\u00f5es: Nesta Pol\u00edtica de Privacidade, vamos esclarecer aos nossos usu\u00e1rios e visitantes, todos [&hellip;]","og_url":"https:\/\/br.mystratis.com\/riskmanagement\/politica-de-privacidade\/","og_site_name":"Stratis | Brasil","article_modified_time":"2025-05-22T18:58:43+00:00","twitter_card":"summary_large_image","twitter_misc":{"Est. tempo de leitura":"7 minutos"},"schema":{"@context":"https:\/\/schema.org","@graph":[{"@type":"WebPage","@id":"https:\/\/br.mystratis.com\/riskmanagement\/politica-de-privacidade\/","url":"https:\/\/br.mystratis.com\/riskmanagement\/politica-de-privacidade\/","name":"Pol\u00edtica de Privacidade - Stratis | Brasil","isPartOf":{"@id":"https:\/\/br.mystratis.com\/riskmanagement\/#website"},"datePublished":"2022-02-20T23:20:35+00:00","dateModified":"2025-05-22T18:58:43+00:00","breadcrumb":{"@id":"https:\/\/br.mystratis.com\/riskmanagement\/politica-de-privacidade\/#breadcrumb"},"inLanguage":"pt-BR","potentialAction":[{"@type":"ReadAction","target":["https:\/\/br.mystratis.com\/riskmanagement\/politica-de-privacidade\/"]}]},{"@type":"BreadcrumbList","@id":"https:\/\/br.mystratis.com\/riskmanagement\/politica-de-privacidade\/#breadcrumb","itemListElement":[{"@type":"ListItem","position":1,"name":"Home","item":"https:\/\/br.mystratis.com\/riskmanagement\/"},{"@type":"ListItem","position":2,"name":"Pol\u00edtica de Privacidade"}]},{"@type":"WebSite","@id":"https:\/\/br.mystratis.com\/riskmanagement\/#website","url":"https:\/\/br.mystratis.com\/riskmanagement\/","name":"Stratis | Brasil","description":"consultor de tecnologia","publisher":{"@id":"https:\/\/br.mystratis.com\/riskmanagement\/#organization"},"potentialAction":[{"@type":"SearchAction","target":{"@type":"EntryPoint","urlTemplate":"https:\/\/br.mystratis.com\/riskmanagement\/?s={search_term_string}"},"query-input":{"@type":"PropertyValueSpecification","valueRequired":true,"valueName":"search_term_string"}}],"inLanguage":"pt-BR"},{"@type":"Organization","@id":"https:\/\/br.mystratis.com\/riskmanagement\/#organization","name":"Stratis | Brasil","url":"https:\/\/br.mystratis.com\/riskmanagement\/","logo":{"@type":"ImageObject","inLanguage":"pt-BR","@id":"https:\/\/br.mystratis.com\/riskmanagement\/#\/schema\/logo\/image\/","url":"https:\/\/br.mystratis.com\/riskmanagement\/wp-content\/uploads\/2023\/10\/cropped-Stratis_risk_managment_logo.png","contentUrl":"https:\/\/br.mystratis.com\/riskmanagement\/wp-content\/uploads\/2023\/10\/cropped-Stratis_risk_managment_logo.png","width":237,"height":107,"caption":"Stratis | Brasil"},"image":{"@id":"https:\/\/br.mystratis.com\/riskmanagement\/#\/schema\/logo\/image\/"}}]}},"_links":{"self":[{"href":"https:\/\/br.mystratis.com\/riskmanagement\/wp-json\/wp\/v2\/pages\/3","targetHints":{"allow":["GET"]}}],"collection":[{"href":"https:\/\/br.mystratis.com\/riskmanagement\/wp-json\/wp\/v2\/pages"}],"about":[{"href":"https:\/\/br.mystratis.com\/riskmanagement\/wp-json\/wp\/v2\/types\/page"}],"author":[{"embeddable":true,"href":"https:\/\/br.mystratis.com\/riskmanagement\/wp-json\/wp\/v2\/users\/1"}],"replies":[{"embeddable":true,"href":"https:\/\/br.mystratis.com\/riskmanagement\/wp-json\/wp\/v2\/comments?post=3"}],"version-history":[{"count":7,"href":"https:\/\/br.mystratis.com\/riskmanagement\/wp-json\/wp\/v2\/pages\/3\/revisions"}],"predecessor-version":[{"id":2448,"href":"https:\/\/br.mystratis.com\/riskmanagement\/wp-json\/wp\/v2\/pages\/3\/revisions\/2448"}],"wp:attachment":[{"href":"https:\/\/br.mystratis.com\/riskmanagement\/wp-json\/wp\/v2\/media?parent=3"}],"curies":[{"name":"wp","href":"https:\/\/api.w.org\/{rel}","templated":true}]}}